{"id":938,"date":"2021-02-18T10:28:57","date_gmt":"2021-02-18T10:28:57","guid":{"rendered":"https:\/\/casadesign.ro\/?page_id=938"},"modified":"2021-02-26T09:06:38","modified_gmt":"2021-02-26T09:06:38","slug":"livrarea-produselor","status":"publish","type":"page","link":"https:\/\/casadesign.ro\/index.php\/livrarea-produselor\/","title":{"rendered":"Livrarea produselor"},"content":{"rendered":"\n<p><strong>Livrarea produselor<\/strong><\/p>\n\n\n\n<p>\u200bOrice comand\u0103 va fi livrat\u0103, dupa ce aceasta a fost confirmat\u0103 de c\u0103tre v\u00e2nz\u0103tor printr-o notificare scris\u0103 (e-mail). Termenul de procesare a comenzii este de 1-2 zile lucr\u0103toare.<\/p>\n\n\n\n<p>Comenzile&nbsp;plasate \u00een zilele lucr\u0103toare \u00eenainte de ora 12:00, vor fi procesate de regula&nbsp;\u00een aceea\u0219i zi, iar cele plasate dup\u0103 aceast\u0103 or\u0103, vor fi procesate&nbsp;\u00een ziua lucr\u0103toare urm\u0103toare \u0219i vor fi livrate conform termenului de livrare specificat.<\/p>\n\n\n\n<p>Termenul de livrare este cel afisat pe site in dreptul fiecarui produs\/serviciu, calculat din momentul finalizarii procesarii comenzii (predarii catre curier), informatie care este actualizata permanent.<\/p>\n\n\n\n<p>Termenul de livrare al produselor aflate pe stoc este\u00a0intre 1 \u0219i 3 zile lucr\u0103toare din momentul finaliz\u0103rii proces\u0103rii comenzii (pred\u0103rii c\u0103tre curier). <\/p>\n\n\n\n<p>Termenul de livrare al produselor care sunt manufacturate in atelierul de productie propriu al societatii care nu sunt pe stoc la momentul efectuarii comenzii, cuprinde perioada de timp exprimata in zile lucratoare necesara executiei acestora si transportului la adresa comunicata de cumparator, astfel cum este afisat pe site.<\/p>\n\n\n\n<p>\u200bConform legislatiei \u00een vigoare, comanda plasat\u0103 pe acest site se consider\u0103 un contract \u00eentre cump\u0103r\u0103tor \u0219i v\u00e2nz\u0103tor, fiecare parte trebuind s\u0103 \u00ee\u0219i \u00eendeplineasc\u0103 atribu\u021biile. Aceasta \u00eenseamn\u0103 c\u0103 v\u00e2nz\u0103torul se oblig\u0103 s\u0103 livreze produsele \u0219i serviciile comandate, iar cump\u0103r\u0103torul se oblig\u0103 s\u0103 pl\u0103teasc\u0103 contravaloarea comenzii.<\/p>\n\n\n\n<p>Livrarea produselor casadesign.ro &nbsp;este asigurat\u0103 de c\u0103tre o firm\u0103 de curierat cu care s-a \u00eencheiat \u00een prealabil un contract de livrare.<\/p>\n\n\n\n<p>Taxe de livrare:<\/p>\n\n\n\n<p>&#8211; Gratuit, prin ridicare personala de la sediul vanzatorului;<\/p>\n\n\n\n<p>&#8211; Gratuit, pentru comenzile a caror adresa de destinatie se afla pe raza mun. Craiova.<\/p>\n\n\n\n<p>&#8211; Gratuit pentru comenzile care depasesc valoarea de 700 lei<\/p>\n\n\n\n<p>&#8211; Se aplica taxe de livrare pentru comenzile care nu depasesc valoarea de 700 lei, cu exceptia produselor aflate in promotie cu \u201clivrare gratuita\u201d, afisate pe site. Taxele de livrare difera in functie de : volumul produselor comandate, regiune si zona geografica. Taxa de livrare aplicabila va fi afisata explicit in pagina \u201ccos de cumparaturi\u201d odata cu efectuarea comenzii.<\/p>\n\n\n\n<p>In situatii exceptionale si din motive obiective, pentru termene de expediere sau de livrare ce nu pot fi respectate, v\u00e2nz\u0103torul va anun\u021ba cump\u0103r\u0103torul pentru a-i comunica termenul estimat pentru finalizarea livr\u0103rii. \u00cen cazul \u00een care noul termen de livrare nu va fi acceptat de c\u0103tre cump\u0103r\u0103tor, comanda poate fi anulat\u0103.<\/p>\n\n\n\n<p>In cazul in care informa\u021biile sunt furnizate gre\u0219it sau incomplet de c\u0103tre cump\u0103r\u0103tor, v\u00e2nz\u0103torul nu poate garanta respectarea termenelor de livrare. \u00cen aceasta situatie, comanda poate fi anulat\u0103 de c\u0103tre v\u00e2nz\u0103tor.<\/p>\n\n\n\n<p>Pentru orice probleme referitoare la livrarea produselor, va rugam sa contactati casadesign.ro telefonic sau prin e-mail, pentru asistenta si sprijin in rezolvarea acestora.<\/p>\n","protected":false},"excerpt":{"rendered":"<p>Livrarea produselor \u200bOrice comand\u0103 va fi livrat\u0103, dupa ce aceasta a fost confirmat\u0103 de c\u0103tre v\u00e2nz\u0103tor printr-o notificare scris\u0103 (e-mail). Termenul de procesare a comenzii este de 1-2 zile lucr\u0103toare. Comenzile&nbsp;plasate \u00een zilele lucr\u0103toare \u00eenainte de ora 12:00, vor fi procesate de regula&nbsp;\u00een aceea\u0219i zi, iar cele plasate dup\u0103 aceast\u0103 or\u0103, vor fi procesate&nbsp;\u00een ziua [&hellip;]<\/p>\n","protected":false},"author":1,"featured_media":0,"parent":0,"menu_order":0,"comment_status":"closed","ping_status":"closed","template":"","meta":{"_acf_changed":false,"footnotes":""},"class_list":["post-938","page","type-page","status-publish","hentry"],"acf":[],"yoast_head":"<!-- This site is optimized with the Yoast SEO plugin v27.5 - https:\/\/yoast.com\/product\/yoast-seo-wordpress\/ -->\n<title>Livrarea produselor &#187; casadesign.ro<\/title>\n<meta name=\"robots\" content=\"index, follow, max-snippet:-1, max-image-preview:large, max-video-preview:-1\" \/>\n<link rel=\"canonical\" href=\"https:\/\/casadesign.ro\/index.php\/livrarea-produselor\/\" \/>\n<meta property=\"og:locale\" content=\"ro_RO\" \/>\n<meta property=\"og:type\" content=\"article\" \/>\n<meta property=\"og:title\" content=\"Livrarea produselor &#187; casadesign.ro\" \/>\n<meta property=\"og:description\" content=\"Livrarea produselor \u200bOrice comand\u0103 va fi livrat\u0103, dupa ce aceasta a fost confirmat\u0103 de c\u0103tre v\u00e2nz\u0103tor printr-o notificare scris\u0103 (e-mail). Termenul de procesare a comenzii este de 1-2 zile lucr\u0103toare. Comenzile&nbsp;plasate \u00een zilele lucr\u0103toare \u00eenainte de ora 12:00, vor fi procesate de regula&nbsp;\u00een aceea\u0219i zi, iar cele plasate dup\u0103 aceast\u0103 or\u0103, vor fi procesate&nbsp;\u00een ziua [&hellip;]\" \/>\n<meta property=\"og:url\" content=\"https:\/\/casadesign.ro\/index.php\/livrarea-produselor\/\" \/>\n<meta property=\"og:site_name\" content=\"casadesign.ro\" \/>\n<meta property=\"article:modified_time\" content=\"2021-02-26T09:06:38+00:00\" \/>\n<meta name=\"twitter:card\" content=\"summary_large_image\" \/>\n<meta name=\"twitter:label1\" content=\"Timp estimat pentru citire\" \/>\n\t<meta name=\"twitter:data1\" content=\"2 minute\" \/>\n<script type=\"application\/ld+json\" class=\"yoast-schema-graph\">{\"@context\":\"https:\\\/\\\/schema.org\",\"@graph\":[{\"@type\":\"WebPage\",\"@id\":\"https:\\\/\\\/casadesign.ro\\\/index.php\\\/livrarea-produselor\\\/\",\"url\":\"https:\\\/\\\/casadesign.ro\\\/index.php\\\/livrarea-produselor\\\/\",\"name\":\"Livrarea produselor &#187; casadesign.ro\",\"isPartOf\":{\"@id\":\"https:\\\/\\\/casadesign.ro\\\/#website\"},\"datePublished\":\"2021-02-18T10:28:57+00:00\",\"dateModified\":\"2021-02-26T09:06:38+00:00\",\"breadcrumb\":{\"@id\":\"https:\\\/\\\/casadesign.ro\\\/index.php\\\/livrarea-produselor\\\/#breadcrumb\"},\"inLanguage\":\"ro-RO\",\"potentialAction\":[{\"@type\":\"ReadAction\",\"target\":[\"https:\\\/\\\/casadesign.ro\\\/index.php\\\/livrarea-produselor\\\/\"]}]},{\"@type\":\"BreadcrumbList\",\"@id\":\"https:\\\/\\\/casadesign.ro\\\/index.php\\\/livrarea-produselor\\\/#breadcrumb\",\"itemListElement\":[{\"@type\":\"ListItem\",\"position\":1,\"name\":\"Prima pagin\u0103\",\"item\":\"https:\\\/\\\/casadesign.ro\\\/\"},{\"@type\":\"ListItem\",\"position\":2,\"name\":\"Livrarea produselor\"}]},{\"@type\":\"WebSite\",\"@id\":\"https:\\\/\\\/casadesign.ro\\\/#website\",\"url\":\"https:\\\/\\\/casadesign.ro\\\/\",\"name\":\"casadesign.ro\",\"description\":\"\",\"publisher\":{\"@id\":\"https:\\\/\\\/casadesign.ro\\\/#organization\"},\"potentialAction\":[{\"@type\":\"SearchAction\",\"target\":{\"@type\":\"EntryPoint\",\"urlTemplate\":\"https:\\\/\\\/casadesign.ro\\\/?s={search_term_string}\"},\"query-input\":{\"@type\":\"PropertyValueSpecification\",\"valueRequired\":true,\"valueName\":\"search_term_string\"}}],\"inLanguage\":\"ro-RO\"},{\"@type\":\"Organization\",\"@id\":\"https:\\\/\\\/casadesign.ro\\\/#organization\",\"name\":\"CASADESIGN.RO\",\"url\":\"https:\\\/\\\/casadesign.ro\\\/\",\"logo\":{\"@type\":\"ImageObject\",\"inLanguage\":\"ro-RO\",\"@id\":\"https:\\\/\\\/casadesign.ro\\\/#\\\/schema\\\/logo\\\/image\\\/\",\"url\":\"https:\\\/\\\/casadesign.ro\\\/wp-content\\\/uploads\\\/2021\\\/02\\\/logo3-e1613437864124.png\",\"contentUrl\":\"https:\\\/\\\/casadesign.ro\\\/wp-content\\\/uploads\\\/2021\\\/02\\\/logo3-e1613437864124.png\",\"width\":260,\"height\":116,\"caption\":\"CASADESIGN.RO\"},\"image\":{\"@id\":\"https:\\\/\\\/casadesign.ro\\\/#\\\/schema\\\/logo\\\/image\\\/\"},\"sameAs\":[\"https:\\\/\\\/plus.google.com\\\/101339959917663917839\"]}]}<\/script>\n<!-- \/ Yoast SEO plugin. -->","yoast_head_json":{"title":"Livrarea produselor &#187; casadesign.ro","robots":{"index":"index","follow":"follow","max-snippet":"max-snippet:-1","max-image-preview":"max-image-preview:large","max-video-preview":"max-video-preview:-1"},"canonical":"https:\/\/casadesign.ro\/index.php\/livrarea-produselor\/","og_locale":"ro_RO","og_type":"article","og_title":"Livrarea produselor &#187; casadesign.ro","og_description":"Livrarea produselor \u200bOrice comand\u0103 va fi livrat\u0103, dupa ce aceasta a fost confirmat\u0103 de c\u0103tre v\u00e2nz\u0103tor printr-o notificare scris\u0103 (e-mail). Termenul de procesare a comenzii este de 1-2 zile lucr\u0103toare. Comenzile&nbsp;plasate \u00een zilele lucr\u0103toare \u00eenainte de ora 12:00, vor fi procesate de regula&nbsp;\u00een aceea\u0219i zi, iar cele plasate dup\u0103 aceast\u0103 or\u0103, vor fi procesate&nbsp;\u00een ziua [&hellip;]","og_url":"https:\/\/casadesign.ro\/index.php\/livrarea-produselor\/","og_site_name":"casadesign.ro","article_modified_time":"2021-02-26T09:06:38+00:00","twitter_card":"summary_large_image","twitter_misc":{"Timp estimat pentru citire":"2 minute"},"schema":{"@context":"https:\/\/schema.org","@graph":[{"@type":"WebPage","@id":"https:\/\/casadesign.ro\/index.php\/livrarea-produselor\/","url":"https:\/\/casadesign.ro\/index.php\/livrarea-produselor\/","name":"Livrarea produselor &#187; casadesign.ro","isPartOf":{"@id":"https:\/\/casadesign.ro\/#website"},"datePublished":"2021-02-18T10:28:57+00:00","dateModified":"2021-02-26T09:06:38+00:00","breadcrumb":{"@id":"https:\/\/casadesign.ro\/index.php\/livrarea-produselor\/#breadcrumb"},"inLanguage":"ro-RO","potentialAction":[{"@type":"ReadAction","target":["https:\/\/casadesign.ro\/index.php\/livrarea-produselor\/"]}]},{"@type":"BreadcrumbList","@id":"https:\/\/casadesign.ro\/index.php\/livrarea-produselor\/#breadcrumb","itemListElement":[{"@type":"ListItem","position":1,"name":"Prima pagin\u0103","item":"https:\/\/casadesign.ro\/"},{"@type":"ListItem","position":2,"name":"Livrarea produselor"}]},{"@type":"WebSite","@id":"https:\/\/casadesign.ro\/#website","url":"https:\/\/casadesign.ro\/","name":"casadesign.ro","description":"","publisher":{"@id":"https:\/\/casadesign.ro\/#organization"},"potentialAction":[{"@type":"SearchAction","target":{"@type":"EntryPoint","urlTemplate":"https:\/\/casadesign.ro\/?s={search_term_string}"},"query-input":{"@type":"PropertyValueSpecification","valueRequired":true,"valueName":"search_term_string"}}],"inLanguage":"ro-RO"},{"@type":"Organization","@id":"https:\/\/casadesign.ro\/#organization","name":"CASADESIGN.RO","url":"https:\/\/casadesign.ro\/","logo":{"@type":"ImageObject","inLanguage":"ro-RO","@id":"https:\/\/casadesign.ro\/#\/schema\/logo\/image\/","url":"https:\/\/casadesign.ro\/wp-content\/uploads\/2021\/02\/logo3-e1613437864124.png","contentUrl":"https:\/\/casadesign.ro\/wp-content\/uploads\/2021\/02\/logo3-e1613437864124.png","width":260,"height":116,"caption":"CASADESIGN.RO"},"image":{"@id":"https:\/\/casadesign.ro\/#\/schema\/logo\/image\/"},"sameAs":["https:\/\/plus.google.com\/101339959917663917839"]}]}},"jetpack-related-posts":[],"jetpack_sharing_enabled":true,"_links":{"self":[{"href":"https:\/\/casadesign.ro\/index.php\/wp-json\/wp\/v2\/pages\/938","targetHints":{"allow":["GET"]}}],"collection":[{"href":"https:\/\/casadesign.ro\/index.php\/wp-json\/wp\/v2\/pages"}],"about":[{"href":"https:\/\/casadesign.ro\/index.php\/wp-json\/wp\/v2\/types\/page"}],"author":[{"embeddable":true,"href":"https:\/\/casadesign.ro\/index.php\/wp-json\/wp\/v2\/users\/1"}],"replies":[{"embeddable":true,"href":"https:\/\/casadesign.ro\/index.php\/wp-json\/wp\/v2\/comments?post=938"}],"version-history":[{"count":3,"href":"https:\/\/casadesign.ro\/index.php\/wp-json\/wp\/v2\/pages\/938\/revisions"}],"predecessor-version":[{"id":1123,"href":"https:\/\/casadesign.ro\/index.php\/wp-json\/wp\/v2\/pages\/938\/revisions\/1123"}],"wp:attachment":[{"href":"https:\/\/casadesign.ro\/index.php\/wp-json\/wp\/v2\/media?parent=938"}],"curies":[{"name":"wp","href":"https:\/\/api.w.org\/{rel}","templated":true}]}}