{"id":950,"date":"2021-02-21T11:31:08","date_gmt":"2021-02-21T11:31:08","guid":{"rendered":"https:\/\/casadesign.ro\/?page_id=950"},"modified":"2021-02-26T09:14:10","modified_gmt":"2021-02-26T09:14:10","slug":"comanda-produselor-si-modalitati-de-plata","status":"publish","type":"page","link":"https:\/\/casadesign.ro\/index.php\/comanda-produselor-si-modalitati-de-plata\/","title":{"rendered":"Comanda produselor si modalitati de plata"},"content":{"rendered":"\n<p><strong>Pretul produselor<\/strong><\/p>\n\n\n\n<p>Pre\u021bul individual al produsului este afi\u0219at in detaliile produsului, in pagina sa si in co\u0219ul de cump\u0103r\u0103turi.<\/p>\n\n\n\n<p>Pre\u021bul unui produs este final, include toate taxele;<\/p>\n\n\n\n<p>Pre\u021bul produsului nu include costurile de transport; acestea depind de modalitatea de livrare. Detalii privind livrarea se regasesc in sectiunea \u201cLivrarea produselor\u201d;<\/p>\n\n\n\n<p>Toate pre\u021burile sunt actuale si sunt actualizate in mod regulat;<\/p>\n\n\n\n<p>Pre\u021bul care trebuie platit este cel din momentul achizi\u021biei.<\/p>\n\n\n\n<p><strong>Termenul de livrare<\/strong><\/p>\n\n\n\n<p>Termenul de livrare este cel afisat pe site in dreptul fiecarui produs\/serviciu, calculat din momentul finalizarii procesarii comenzii (predarii catre curier), informatie care este actualizata permanent.<\/p>\n\n\n\n<p>Termenul de livrare al produselor aflate pe stoc este&nbsp;intre 1 \u0219i 3 zile lucr\u0103toare din momentul finaliz\u0103rii proces\u0103rii comenzii (pred\u0103rii c\u0103tre curier).<\/p>\n\n\n\n<p>Termenul de livrare al produselor care sunt manufacturate in atelierul de productie propriu al societatii care nu sunt pe stoc la momentul efectuarii comenzii, cuprinde perioada de timp exprimata in zile lucratoare necesara executiei acestora si transportului la adresa comunicata de cumparator, astfel cum este afisat pe site.<\/p>\n\n\n\n<p><strong>Comanda produselor<\/strong> se realizeaza prin parcurgerea urmatorilor pasi:<\/p>\n\n\n\n<p>&nbsp;&#8211; adauga produsele dorite in cosul de cumparaturi prin selectarea butonului \u201c<strong>Adauga in cos.<\/strong>\u201d; se pot adauga in cos mai multe produse, din categorii diferite;<\/p>\n\n\n\n<p>&#8211; dupa adaugarea produselor dorite in cos, trebuie sa selectezi detaliile de facturare, metoda de plata dorita si modalitatea de livrare preferata (livrare prin curier, ridicare personala de la sediul societatii sau din oficiile postale);<\/p>\n\n\n\n<p>&#8211; inainte de a trimite comanda citeste termenii si conditiile si bifeaza casuta \u201cPrin trimiterea comenzii accept termenii \u0219i condi\u021biile \u201d<\/p>\n\n\n\n<p>&#8211; pasul final pentru trimiterea comenzii este butonul \u201cPlaseaza comanda\u201d. La scurt timp dupa apasarea acestui buton vei primi un e-mail prin care se confirma inregistrarea comenzii.<\/p>\n\n\n\n<p>Dupa fiecare comanda plasata, datele de livrare sunt salvate pentru a putea fi folosite ulterior.<\/p>\n\n\n\n<p><strong>Confirmarea comenzii<\/strong><\/p>\n\n\n\n<p>\u00cen momentul &nbsp;in care a\u021bi finalizat comanda ve\u021bi primi un e-mail cu confirmarea comenzii. Confirmarea comenzii trebuie sa con\u021bin\u0103 urm\u0103toarele informa\u021bii:&nbsp;<\/p>\n\n\n\n<ul class=\"wp-block-list\"><li>Comanda dumneavoastr\u0103<\/li><li>Pret<\/li><li>Adresa de livrare<\/li><li>Modalitatea de plat\u0103<\/li><li>Termenul de livrare<\/li><\/ul>\n\n\n\n<p><strong>Modificare sau anulare comanda<\/strong><\/p>\n\n\n\n<p>Comanda poate fi modificata sau anulata pana la expedierea acesteia si inainte de eliberarea facturii. Posibilitatea anularii unei comenzi sau livrari este disponibila in contul de client, sectiunea \u201ecomenzile mele\u201d sau prin contactarea casadesign.ro cat mai repede posibil telefonic sau prin e-mail; casadesign.ro va face tot posibilul pentru modificarea sau anularea comenzii<\/p>\n\n\n\n<p><strong>Pentru orice probleme legate de comanda si confirmarea acesteia contactati-ne la adresa de e-mail <a href=\"mailto:comenzi@casadesign.ro\">comenzi@casadesign.ro<\/a> sau telefonic.<\/strong><\/p>\n\n\n\n<h3 class=\"wp-block-heading\">                                              <strong>Modalitati de plata<\/strong><\/h3>\n\n\n\n<p><strong>Ramburs<\/strong><\/p>\n\n\n\n<p>Plata se face \u00een lei, la livrarea produselor la adresa specificata de cumparator sau cu ocazia ridicarii produselor de la sediul societatii.<\/p>\n\n\n\n<p><strong>Ordin de plata (OP)<\/strong><\/p>\n\n\n\n<p>Acest tip de plata se face doar in baza facturii proforme trimise de casadesign.ro pe adresa de e-mail a cumparatorului.<\/p>\n\n\n\n<p>Livrarea produselor se face dupa confirmarea platii proformei emise in contul specificat in document.<\/p>\n\n\n\n<p>In cazul persoanelor juridice, pentru a intra in posesia coletului sunt necesare actul de identitate si o imputernicire din partea firmei.<\/p>\n\n\n\n<p><strong>Plata cu card<\/strong><\/p>\n\n\n\n<p>\u00cen co\u0219ul de cump\u0103r\u0103turi va fi afisat pre\u021bul produsului\/produselor comandate \u0219i dupa caz, costurile de transport. Acesta este pre\u021bul total de achizi\u021bie.&nbsp;<\/p>\n\n\n\n<p>Pute\u021bi pl\u0103ti achizi\u021bia f\u0103cut\u0103 pe casadesign.ro cu urm\u0103toarele carduri de debit\/credit:<\/p>\n\n\n\n<ul class=\"wp-block-list\"><li>Visa<\/li><li>MasterCard<\/li><\/ul>\n\n\n\n<p>Plata cu cardul este protejata \u00eempotriva fraudei. Plata dumneavoastr\u0103 este finalizat\u0103 utiliz\u00e2nd o conexiune sigur\u0103 \u0219i criptat\u0103, pentru a v\u0103 asigura c\u0103 informa\u021biile dumneavoastr\u0103 de plat\u0103 nu pot fi accesate de o ter\u021b\u0103 parte neautorizat\u0103. \u00cen cazul pl\u0103\u021bilor online, plata produselor de pe acest website este efectuat\u0103 prin intermediul solu\u021biilor de plat\u0103 online oferite de procesatorul de plati EuPlatesc.ro. Dup\u0103 ap\u0103sarea butonului &#8222;Confirm\u0103 comanda \u0219i pl\u0103te\u0219te\u201d ve\u021bi fi redirec\u021bionat c\u0103tre interfa\u021ba securizat\u0103 de pl\u0103\u021bi online a EuPlatesc.ro. Plata dumneavoastr\u0103 \u00a0este garantat\u0103 de partenerul nostru autorizat pentru pl\u0103\u021bi. Site-ul casadesign.ro nu salveaza nicio informa\u021bie despre cardul dumneavoastr\u0103 pe propriul server si nu poate accesa niciuna dintre informa\u021biile cardului.\u00a0<\/p>\n\n\n\n<p>La plata comenzii online, sistemul v\u0103 va solicita:<\/p>\n\n\n\n<p>Num\u0103rul cardului (cele 16 cifre tip\u0103rite pe fa\u0163a cardului)<\/p>\n\n\n\n<p>Data expir\u0103rii cardului (este imprimat pe fat\u0103 cardului)<\/p>\n\n\n\n<p>Cod de Securitate (cod Securitate format din 3 cifre tip\u0103rit pe spatele cardului, deasupra benzii magnetice cele pozi\u021bionate spre dreapta)&nbsp;&nbsp;<\/p>\n\n\n\n<p><strong>Factura<\/strong><\/p>\n\n\n\n<p>La expedierea comenzii, v\u0103 vom trimite un e-mail cu factura ata\u0219at\u0103. Acest e-mail con\u021bine urm\u0103toarele informa\u021bii:&nbsp;<\/p>\n\n\n\n<ul class=\"wp-block-list\"><li>Comanda dumneavoastr\u0103<\/li><li>Adresa de livrare<\/li><li>Modalitatea de plata<\/li><li>Termenul de livrare<\/li><li>Pre\u021bul<\/li><li>Date de contact&nbsp;<\/li><li>Informatii despre dreptul dumneavoastr\u0103 de retur&nbsp;si drepturile consumatorului<strong>&nbsp;<\/strong><\/li><\/ul>\n\n\n\n<p><strong>Garantia<\/strong><\/p>\n\n\n\n<p>Garan\u021bia legal\u0103 privind conformitatea produselor este acordata de casadesign.ro in conformitate cu prevederile Legii nr 449\/2003 privind v\u00e2nzarea produselor si garan\u021biile asociate acestora, precum si ale Ordonan\u021bei nr. 21\/1992 privind protec\u021bia consumatorilor.<\/p>\n\n\n\n<p>Condi\u021biile de garan\u021bie sunt prev\u0103zute in certificatul de garan\u021bie care \u00eenso\u021be\u0219te produsul livrat.<\/p>\n\n\n\n<p>In cazul comenzilor online termenul de garantie se calculeaz\u0103 din momentul \u00een care acestea au fost livrate c\u0103tre cumparator.&nbsp;<\/p>\n\n\n\n<p><strong>Sesizari\/Reclamatii<\/strong><\/p>\n\n\n\n<p>In situatiile in care:<\/p>\n\n\n\n<ul class=\"wp-block-list\"><li>produsul comandat are un defect de calitate;<\/li><li>lipsesc componente din comanda;<\/li><li>comanda a fost deteriorat\u0103 \u020bn urma transportului curierului;<\/li><li>alte reclama\u021bii in leg\u0103tur\u0103 cu produsul,&nbsp;<\/li><\/ul>\n\n\n\n<p>V\u0103 rug\u0103m s\u0103 contactati casadesign.ro telefonic sau prin e-mail; in masura in care e posibil, ata\u0219ati o fotografie cu defectul\/problema semnalat\u0103; casadesign.ro va face toate demersurile necesare pentru rezolvarea problemei semnalate. In cazul in care reclamatia este justificata si aprobata, daca este necesara returnarea sau inlocuirea produsului, casadesign.ro va acoperi toate costurile de returnare\/\u00eenlocuire ale produsului.&nbsp;Trebuie avut \u00een vedere c\u0103 o reclama\u021bie trebuie f\u0103cut\u0103 \u00eentr-o perioad\u0103 de timp rezonabil\u0103 din momentul identific\u0103rii ei.&nbsp;<\/p>\n\n\n\n<p>Pentru sesizari\/reclamatii de asemenea puteti folosi Platforma online pentru rezolvarea litigiilor pus\u0103 la dispozi\u021bie de Comisia European\u0103. Pentru aceasta, urmati link-ul \u201cSolutionarea Online a Litigiilor) publicat pe website-ul casadesign.ro, in partea de jos a paginii.<\/p>\n","protected":false},"excerpt":{"rendered":"<p>Pretul produselor Pre\u021bul individual al produsului este afi\u0219at in detaliile produsului, in pagina sa si in co\u0219ul de cump\u0103r\u0103turi. Pre\u021bul unui produs este final, include toate taxele; Pre\u021bul produsului nu include costurile de transport; acestea depind de modalitatea de livrare. Detalii privind livrarea se regasesc in sectiunea \u201cLivrarea produselor\u201d; Toate pre\u021burile sunt actuale si sunt [&hellip;]<\/p>\n","protected":false},"author":1,"featured_media":0,"parent":0,"menu_order":0,"comment_status":"closed","ping_status":"closed","template":"","meta":{"_acf_changed":false,"footnotes":""},"class_list":["post-950","page","type-page","status-publish","hentry"],"acf":[],"yoast_head":"<!-- This site is optimized with the Yoast SEO plugin v27.5 - https:\/\/yoast.com\/product\/yoast-seo-wordpress\/ -->\n<title>Comanda produselor si modalitati de plata &#187; casadesign.ro<\/title>\n<meta name=\"robots\" content=\"index, follow, max-snippet:-1, max-image-preview:large, max-video-preview:-1\" \/>\n<link rel=\"canonical\" href=\"https:\/\/casadesign.ro\/index.php\/comanda-produselor-si-modalitati-de-plata\/\" \/>\n<meta property=\"og:locale\" content=\"ro_RO\" \/>\n<meta property=\"og:type\" content=\"article\" \/>\n<meta property=\"og:title\" content=\"Comanda produselor si modalitati de plata &#187; casadesign.ro\" \/>\n<meta property=\"og:description\" content=\"Pretul produselor Pre\u021bul individual al produsului este afi\u0219at in detaliile produsului, in pagina sa si in co\u0219ul de cump\u0103r\u0103turi. Pre\u021bul unui produs este final, include toate taxele; Pre\u021bul produsului nu include costurile de transport; acestea depind de modalitatea de livrare. Detalii privind livrarea se regasesc in sectiunea \u201cLivrarea produselor\u201d; Toate pre\u021burile sunt actuale si sunt [&hellip;]\" \/>\n<meta property=\"og:url\" content=\"https:\/\/casadesign.ro\/index.php\/comanda-produselor-si-modalitati-de-plata\/\" \/>\n<meta property=\"og:site_name\" content=\"casadesign.ro\" \/>\n<meta property=\"article:modified_time\" content=\"2021-02-26T09:14:10+00:00\" \/>\n<meta name=\"twitter:card\" content=\"summary_large_image\" \/>\n<meta name=\"twitter:label1\" content=\"Timp estimat pentru citire\" \/>\n\t<meta name=\"twitter:data1\" content=\"5 minute\" \/>\n<script type=\"application\/ld+json\" class=\"yoast-schema-graph\">{\"@context\":\"https:\\\/\\\/schema.org\",\"@graph\":[{\"@type\":\"WebPage\",\"@id\":\"https:\\\/\\\/casadesign.ro\\\/index.php\\\/comanda-produselor-si-modalitati-de-plata\\\/\",\"url\":\"https:\\\/\\\/casadesign.ro\\\/index.php\\\/comanda-produselor-si-modalitati-de-plata\\\/\",\"name\":\"Comanda produselor si modalitati de plata &#187; casadesign.ro\",\"isPartOf\":{\"@id\":\"https:\\\/\\\/casadesign.ro\\\/#website\"},\"datePublished\":\"2021-02-21T11:31:08+00:00\",\"dateModified\":\"2021-02-26T09:14:10+00:00\",\"breadcrumb\":{\"@id\":\"https:\\\/\\\/casadesign.ro\\\/index.php\\\/comanda-produselor-si-modalitati-de-plata\\\/#breadcrumb\"},\"inLanguage\":\"ro-RO\",\"potentialAction\":[{\"@type\":\"ReadAction\",\"target\":[\"https:\\\/\\\/casadesign.ro\\\/index.php\\\/comanda-produselor-si-modalitati-de-plata\\\/\"]}]},{\"@type\":\"BreadcrumbList\",\"@id\":\"https:\\\/\\\/casadesign.ro\\\/index.php\\\/comanda-produselor-si-modalitati-de-plata\\\/#breadcrumb\",\"itemListElement\":[{\"@type\":\"ListItem\",\"position\":1,\"name\":\"Prima pagin\u0103\",\"item\":\"https:\\\/\\\/casadesign.ro\\\/\"},{\"@type\":\"ListItem\",\"position\":2,\"name\":\"Comanda produselor si modalitati de plata\"}]},{\"@type\":\"WebSite\",\"@id\":\"https:\\\/\\\/casadesign.ro\\\/#website\",\"url\":\"https:\\\/\\\/casadesign.ro\\\/\",\"name\":\"casadesign.ro\",\"description\":\"\",\"publisher\":{\"@id\":\"https:\\\/\\\/casadesign.ro\\\/#organization\"},\"potentialAction\":[{\"@type\":\"SearchAction\",\"target\":{\"@type\":\"EntryPoint\",\"urlTemplate\":\"https:\\\/\\\/casadesign.ro\\\/?s={search_term_string}\"},\"query-input\":{\"@type\":\"PropertyValueSpecification\",\"valueRequired\":true,\"valueName\":\"search_term_string\"}}],\"inLanguage\":\"ro-RO\"},{\"@type\":\"Organization\",\"@id\":\"https:\\\/\\\/casadesign.ro\\\/#organization\",\"name\":\"CASADESIGN.RO\",\"url\":\"https:\\\/\\\/casadesign.ro\\\/\",\"logo\":{\"@type\":\"ImageObject\",\"inLanguage\":\"ro-RO\",\"@id\":\"https:\\\/\\\/casadesign.ro\\\/#\\\/schema\\\/logo\\\/image\\\/\",\"url\":\"https:\\\/\\\/casadesign.ro\\\/wp-content\\\/uploads\\\/2021\\\/02\\\/logo3-e1613437864124.png\",\"contentUrl\":\"https:\\\/\\\/casadesign.ro\\\/wp-content\\\/uploads\\\/2021\\\/02\\\/logo3-e1613437864124.png\",\"width\":260,\"height\":116,\"caption\":\"CASADESIGN.RO\"},\"image\":{\"@id\":\"https:\\\/\\\/casadesign.ro\\\/#\\\/schema\\\/logo\\\/image\\\/\"},\"sameAs\":[\"https:\\\/\\\/plus.google.com\\\/101339959917663917839\"]}]}<\/script>\n<!-- \/ Yoast SEO plugin. -->","yoast_head_json":{"title":"Comanda produselor si modalitati de plata &#187; casadesign.ro","robots":{"index":"index","follow":"follow","max-snippet":"max-snippet:-1","max-image-preview":"max-image-preview:large","max-video-preview":"max-video-preview:-1"},"canonical":"https:\/\/casadesign.ro\/index.php\/comanda-produselor-si-modalitati-de-plata\/","og_locale":"ro_RO","og_type":"article","og_title":"Comanda produselor si modalitati de plata &#187; casadesign.ro","og_description":"Pretul produselor Pre\u021bul individual al produsului este afi\u0219at in detaliile produsului, in pagina sa si in co\u0219ul de cump\u0103r\u0103turi. Pre\u021bul unui produs este final, include toate taxele; Pre\u021bul produsului nu include costurile de transport; acestea depind de modalitatea de livrare. Detalii privind livrarea se regasesc in sectiunea \u201cLivrarea produselor\u201d; Toate pre\u021burile sunt actuale si sunt [&hellip;]","og_url":"https:\/\/casadesign.ro\/index.php\/comanda-produselor-si-modalitati-de-plata\/","og_site_name":"casadesign.ro","article_modified_time":"2021-02-26T09:14:10+00:00","twitter_card":"summary_large_image","twitter_misc":{"Timp estimat pentru citire":"5 minute"},"schema":{"@context":"https:\/\/schema.org","@graph":[{"@type":"WebPage","@id":"https:\/\/casadesign.ro\/index.php\/comanda-produselor-si-modalitati-de-plata\/","url":"https:\/\/casadesign.ro\/index.php\/comanda-produselor-si-modalitati-de-plata\/","name":"Comanda produselor si modalitati de plata &#187; casadesign.ro","isPartOf":{"@id":"https:\/\/casadesign.ro\/#website"},"datePublished":"2021-02-21T11:31:08+00:00","dateModified":"2021-02-26T09:14:10+00:00","breadcrumb":{"@id":"https:\/\/casadesign.ro\/index.php\/comanda-produselor-si-modalitati-de-plata\/#breadcrumb"},"inLanguage":"ro-RO","potentialAction":[{"@type":"ReadAction","target":["https:\/\/casadesign.ro\/index.php\/comanda-produselor-si-modalitati-de-plata\/"]}]},{"@type":"BreadcrumbList","@id":"https:\/\/casadesign.ro\/index.php\/comanda-produselor-si-modalitati-de-plata\/#breadcrumb","itemListElement":[{"@type":"ListItem","position":1,"name":"Prima pagin\u0103","item":"https:\/\/casadesign.ro\/"},{"@type":"ListItem","position":2,"name":"Comanda produselor si modalitati de plata"}]},{"@type":"WebSite","@id":"https:\/\/casadesign.ro\/#website","url":"https:\/\/casadesign.ro\/","name":"casadesign.ro","description":"","publisher":{"@id":"https:\/\/casadesign.ro\/#organization"},"potentialAction":[{"@type":"SearchAction","target":{"@type":"EntryPoint","urlTemplate":"https:\/\/casadesign.ro\/?s={search_term_string}"},"query-input":{"@type":"PropertyValueSpecification","valueRequired":true,"valueName":"search_term_string"}}],"inLanguage":"ro-RO"},{"@type":"Organization","@id":"https:\/\/casadesign.ro\/#organization","name":"CASADESIGN.RO","url":"https:\/\/casadesign.ro\/","logo":{"@type":"ImageObject","inLanguage":"ro-RO","@id":"https:\/\/casadesign.ro\/#\/schema\/logo\/image\/","url":"https:\/\/casadesign.ro\/wp-content\/uploads\/2021\/02\/logo3-e1613437864124.png","contentUrl":"https:\/\/casadesign.ro\/wp-content\/uploads\/2021\/02\/logo3-e1613437864124.png","width":260,"height":116,"caption":"CASADESIGN.RO"},"image":{"@id":"https:\/\/casadesign.ro\/#\/schema\/logo\/image\/"},"sameAs":["https:\/\/plus.google.com\/101339959917663917839"]}]}},"jetpack-related-posts":[],"jetpack_sharing_enabled":true,"_links":{"self":[{"href":"https:\/\/casadesign.ro\/index.php\/wp-json\/wp\/v2\/pages\/950","targetHints":{"allow":["GET"]}}],"collection":[{"href":"https:\/\/casadesign.ro\/index.php\/wp-json\/wp\/v2\/pages"}],"about":[{"href":"https:\/\/casadesign.ro\/index.php\/wp-json\/wp\/v2\/types\/page"}],"author":[{"embeddable":true,"href":"https:\/\/casadesign.ro\/index.php\/wp-json\/wp\/v2\/users\/1"}],"replies":[{"embeddable":true,"href":"https:\/\/casadesign.ro\/index.php\/wp-json\/wp\/v2\/comments?post=950"}],"version-history":[{"count":5,"href":"https:\/\/casadesign.ro\/index.php\/wp-json\/wp\/v2\/pages\/950\/revisions"}],"predecessor-version":[{"id":1126,"href":"https:\/\/casadesign.ro\/index.php\/wp-json\/wp\/v2\/pages\/950\/revisions\/1126"}],"wp:attachment":[{"href":"https:\/\/casadesign.ro\/index.php\/wp-json\/wp\/v2\/media?parent=950"}],"curies":[{"name":"wp","href":"https:\/\/api.w.org\/{rel}","templated":true}]}}